{"id":947,"date":"2026-04-04T09:21:44","date_gmt":"2026-04-04T07:21:44","guid":{"rendered":"https:\/\/dunkle-macht.myvnc.com\/?page_id=947"},"modified":"2026-04-04T10:15:27","modified_gmt":"2026-04-04T08:15:27","slug":"sinnvolle-optimierungen-an-ihrem-windows-pc","status":"publish","type":"page","link":"https:\/\/dunkle-macht.myvnc.com\/index.php\/sinnvolle-optimierungen-an-ihrem-windows-pc\/","title":{"rendered":"Sinnvolle Optimierungen an Ihrem Windows PC"},"content":{"rendered":"\n<ol class=\"wp-block-list\">\n<li><strong>Einstellungen Ihrer Netzwerkverbindung:<\/strong><\/li>\n<\/ol>\n\n\n\n<p><strong>Als \u00dcbertragungsgeschwindigkeit sollte hier &#8222;am h\u00f6chsten&#8220; ausgew\u00e4hlt werden.<\/strong><\/p>\n\n\n\n<figure class=\"wp-block-image size-full\"><img decoding=\"async\" src=\"data:image\/gif;base64,R0lGODlhAQABAIAAAAAAAP\/\/\/yH5BAEAAAAALAAAAAABAAEAAAIBRAA7\" data-src=\"https:\/\/dunkle-macht.myvnc.com\/wp-content\/uploads\/2026\/04\/grafik.png\" alt=\"\" class=\"wp-image-951 lazyload\"\/><noscript><img decoding=\"async\" width=\"982\" height=\"742\" src=\"https:\/\/dunkle-macht.myvnc.com\/wp-content\/uploads\/2026\/04\/grafik.png\" alt=\"\" class=\"wp-image-951 lazyload\" srcset=\"https:\/\/dunkle-macht.myvnc.com\/wp-content\/uploads\/2026\/04\/grafik.png 982w, https:\/\/dunkle-macht.myvnc.com\/wp-content\/uploads\/2026\/04\/grafik-300x227.png 300w\" sizes=\"(max-width: 982px) 100vw, 982px\" \/><\/noscript><\/figure>\n\n\n\n<p><\/p>\n\n\n\n<p><\/p>\n\n\n\n<p><strong>2. Standartm\u00e4\u00dfig sind die zu verwendenen CPU-Kerne auf &#8222;1&#8220; eingestellt, hier unter der Systemkonfiguration sollte, um die volle Leistung nutzen zu k\u00f6nnen, die h\u00f6chst m\u00f6gliche Anzahl der CPU Kerne eingestellt werden. Im Beispiel also &#8222;12&#8220;.<\/strong><\/p>\n\n\n\n<figure class=\"wp-block-image size-full\"><img decoding=\"async\" src=\"data:image\/gif;base64,R0lGODlhAQABAIAAAAAAAP\/\/\/yH5BAEAAAAALAAAAAABAAEAAAIBRAA7\" data-src=\"https:\/\/dunkle-macht.myvnc.com\/wp-content\/uploads\/2026\/04\/grafik-1.png\" alt=\"\" class=\"wp-image-955 lazyload\"\/><noscript><img decoding=\"async\" width=\"842\" height=\"630\" src=\"https:\/\/dunkle-macht.myvnc.com\/wp-content\/uploads\/2026\/04\/grafik-1.png\" alt=\"\" class=\"wp-image-955 lazyload\" srcset=\"https:\/\/dunkle-macht.myvnc.com\/wp-content\/uploads\/2026\/04\/grafik-1.png 842w, https:\/\/dunkle-macht.myvnc.com\/wp-content\/uploads\/2026\/04\/grafik-1-300x224.png 300w\" sizes=\"(max-width: 842px) 100vw, 842px\" \/><\/noscript><\/figure>\n\n\n\n<p> <\/p>\n\n\n\n<p><strong>3. In Eurer Fritzbox solltet Ihr manuell die beiden DNS-Server eintragen:<\/strong><\/p>\n\n\n\n<p><strong>1.1.1.1 und 1.0.0.1<\/strong><\/p>\n\n\n\n<p><\/p>\n\n\n\n<figure class=\"wp-block-image size-full\"><img decoding=\"async\" src=\"data:image\/gif;base64,R0lGODlhAQABAIAAAAAAAP\/\/\/yH5BAEAAAAALAAAAAABAAEAAAIBRAA7\" data-src=\"https:\/\/dunkle-macht.myvnc.com\/wp-content\/uploads\/2026\/04\/grafik-2.png\" alt=\"\" class=\"wp-image-960 lazyload\"\/><noscript><img decoding=\"async\" width=\"772\" height=\"80\" src=\"https:\/\/dunkle-macht.myvnc.com\/wp-content\/uploads\/2026\/04\/grafik-2.png\" alt=\"\" class=\"wp-image-960 lazyload\" srcset=\"https:\/\/dunkle-macht.myvnc.com\/wp-content\/uploads\/2026\/04\/grafik-2.png 772w, https:\/\/dunkle-macht.myvnc.com\/wp-content\/uploads\/2026\/04\/grafik-2-300x31.png 300w\" sizes=\"(max-width: 772px) 100vw, 772px\" \/><\/noscript><\/figure>\n\n\n\n<h3 class=\"wp-block-heading\" id=\"1-cloudflare\">1. Cloudflare<\/h3>\n\n\n\n<p><strong>Prim\u00e4rer DNS (bevorzugter DNS):<\/strong> 1.1.1.1<\/p>\n\n\n\n<p><strong>Sekund\u00e4rer DNS (alternativer DNS):<\/strong> 1.0.0.1<\/p>\n\n\n\n<p>Cloudflare ist einer der schnellsten kostenlosen \u00f6ffentlichen DNS-Dienste, die es gibt, und eignet sich perfekt f\u00fcr rasende Gamer mit einem knappen Budget. Cloudflare bietet aber mehr als nur die reine DNS-Aufl\u00f6sungsgeschwindigkeit \u2013 es verf\u00fcgt \u00fcber Tools, die DDoS-Angriffe auf DNS-Server abwehren, DNS-Spoofing verhindern und deine Privatsph\u00e4re sch\u00fctzen.<\/p>\n\n\n\n<p>Im Gegensatz zu einigen anderen DNS-Anbietern auf dieser Liste bietet Cloudflare keinen zus\u00e4tzlichen Schutz gegen Bedrohungen, die nicht direkt mit DNS-Servern zu tun haben (wie b\u00f6sartige Links). Aber wenn du nur den langsamen DNS-Server deines Internetanbieters loswerden willst, ist Cloudflare eine gute Wahl.<\/p>\n\n\n\n<h3 class=\"wp-block-heading\" id=\"2-google-public-dns\">2. Google Public DNS<\/h3>\n\n\n\n<p><strong>Prim\u00e4rer DNS (bevorzugter DNS):<\/strong> 8.8.8.8<\/p>\n\n\n\n<p><strong>Sekund\u00e4rer DNS (alternativer DNS):<\/strong> 8.8.4.4<\/p>\n\n\n\n<p>Google ist gro\u00df \u2013 und das l\u00e4sst es dich gerne wissen. Google stellt in den meisten Teilen der Welt\u00f6ffentliche DNS-Server zur Verf\u00fcgung, sodass du frei w\u00e4hlen kannst, welchen du nutzen willst. Und genau wie Cloudflare ist Google Public DNS schnell, kostenlos und gegen DNS-Spoofing und DDoS-Angriffe gesch\u00fctzt. Die Kehrseite der Medaille ist, dass Google deine DNS-Daten in \u00dcbereinstimmung mit seinen Datenschutzrichtlinien verwenden kann, was datenschutzbewusste Personen st\u00f6ren k\u00f6nnte. Google Public DNS leidet au\u00dferdem unter dem eingeschr\u00e4nkten Kundensupport, der deine geplante Spielesitzung bei Problemen unterbrechen kann&#8230;.mehr unter: <a href=\"https:\/\/nordvpn.com\/de\/blog\/bester-dns-server-fuer-gaming\/?srsltid=AfmBOooc_zMwYZllGVvPTFkBFFXTCIAEtHZWgkgSOO7VPshjsNlFavMJ\" target=\"_blank\" rel=\"noreferrer noopener\">https:\/\/nordvpn.com\/de\/blog\/bester-dns-server-fuer-gaming\/?srsltid=AfmBOooc_zMwYZllGVvPTFkBFFXTCIAEtHZWgkgSOO7VPshjsNlFavMJ<\/a><\/p>\n\n\n\n<p><\/p>\n\n\n\n<p><strong>4. Du m\u00f6chtest dein PC aktuell halten, dann hast Du hier eine weitere M\u00f6glichkeit:<\/strong><\/p>\n\n\n\n<p><strong>Windows aktualisieren<\/strong><\/p>\n\n\n\n<p><strong>Dr\u00fccke Win + r<\/strong><\/p>\n\n\n\n<p><strong>Gebe &#8222;cmd&#8220; ein<\/strong><\/p>\n\n\n\n<p><strong>Jetzt gebe &#8222;winget upgrade&#8220; ein<\/strong><\/p>\n\n\n\n<p><strong>danach:<\/strong><\/p>\n\n\n\n<p><strong>winget upgrade &#8211;all<\/strong><\/p>\n\n\n\n<p><strong>Weitere Tipps in K\u00fcrze&#8230;<\/strong><\/p>\n","protected":false},"excerpt":{"rendered":"<p>Als \u00dcbertragungsgeschwindigkeit sollte hier &#8222;am h\u00f6chsten&#8220; ausgew\u00e4hlt werden. 2. Standartm\u00e4\u00dfig sind die zu verwendenen CPU-Kerne auf &#8222;1&#8220; eingestellt, hier unter der Systemkonfiguration sollte, um die volle Leistung nutzen zu k\u00f6nnen, die h\u00f6chst m\u00f6gliche Anzahl der CPU Kerne eingestellt werden. Im Beispiel also &#8222;12&#8220;. 3. In Eurer Fritzbox solltet Ihr manuell die beiden DNS-Server eintragen: 1.1.1.1 &hellip; <\/p>\n<p class=\"link-more\"><a href=\"https:\/\/dunkle-macht.myvnc.com\/index.php\/sinnvolle-optimierungen-an-ihrem-windows-pc\/\" class=\"more-link\">Mehr <span class=\"screen-reader-text\">\u00fcber &#8222;Sinnvolle Optimierungen an Ihrem Windows PC&#8220; <\/span>Lesen<\/a><\/p>\n","protected":false},"author":1,"featured_media":0,"parent":0,"menu_order":0,"comment_status":"closed","ping_status":"closed","template":"","meta":{"inspiro_hide_title":false,"footnotes":""},"class_list":["post-947","page","type-page","status-publish","hentry"],"yoast_head":"<!-- This site is optimized with the Yoast SEO plugin v27.4 - https:\/\/yoast.com\/product\/yoast-seo-wordpress\/ -->\n<title>unseri\u00f6se Gutachter;PaysafeCards;dunkle-macht.myvnc.com<\/title>\n<meta name=\"description\" content=\"unseri\u00f6se Gutachter;PaysafeCards;dunkle-macht.myvnc.com\" \/>\n<meta name=\"robots\" content=\"index, follow, max-snippet:-1, max-image-preview:large, max-video-preview:-1\" \/>\n<link rel=\"canonical\" href=\"https:\/\/dunkle-macht.myvnc.com\/index.php\/sinnvolle-optimierungen-an-ihrem-windows-pc\/\" \/>\n<script type=\"application\/ld+json\" class=\"yoast-schema-graph\">{\"@context\":\"https:\\\/\\\/schema.org\",\"@graph\":[{\"@type\":\"BreadcrumbList\",\"@id\":\"https:\\\/\\\/dunkle-macht.myvnc.com\\\/index.php\\\/sinnvolle-optimierungen-an-ihrem-windows-pc\\\/#breadcrumb\",\"itemListElement\":[{\"@type\":\"ListItem\",\"position\":1,\"name\":\"Startseite\",\"item\":\"https:\\\/\\\/dunkle-macht.myvnc.com\\\/\"},{\"@type\":\"ListItem\",\"position\":2,\"name\":\"Sinnvolle Optimierungen an Ihrem Windows PC\"}]}]}<\/script>\n<!-- \/ Yoast SEO plugin. -->","yoast_head_json":{"title":"unseri\u00f6se Gutachter;PaysafeCards;dunkle-macht.myvnc.com","description":"unseri\u00f6se Gutachter;PaysafeCards;dunkle-macht.myvnc.com","robots":{"index":"index","follow":"follow","max-snippet":"max-snippet:-1","max-image-preview":"max-image-preview:large","max-video-preview":"max-video-preview:-1"},"canonical":"https:\/\/dunkle-macht.myvnc.com\/index.php\/sinnvolle-optimierungen-an-ihrem-windows-pc\/","schema":{"@context":"https:\/\/schema.org","@graph":[{"@type":"BreadcrumbList","@id":"https:\/\/dunkle-macht.myvnc.com\/index.php\/sinnvolle-optimierungen-an-ihrem-windows-pc\/#breadcrumb","itemListElement":[{"@type":"ListItem","position":1,"name":"Startseite","item":"https:\/\/dunkle-macht.myvnc.com\/"},{"@type":"ListItem","position":2,"name":"Sinnvolle Optimierungen an Ihrem Windows PC"}]}]}},"featured_media_urls":[],"_links":{"self":[{"href":"https:\/\/dunkle-macht.myvnc.com\/index.php\/wp-json\/wp\/v2\/pages\/947","targetHints":{"allow":["GET"]}}],"collection":[{"href":"https:\/\/dunkle-macht.myvnc.com\/index.php\/wp-json\/wp\/v2\/pages"}],"about":[{"href":"https:\/\/dunkle-macht.myvnc.com\/index.php\/wp-json\/wp\/v2\/types\/page"}],"author":[{"embeddable":true,"href":"https:\/\/dunkle-macht.myvnc.com\/index.php\/wp-json\/wp\/v2\/users\/1"}],"replies":[{"embeddable":true,"href":"https:\/\/dunkle-macht.myvnc.com\/index.php\/wp-json\/wp\/v2\/comments?post=947"}],"version-history":[{"count":14,"href":"https:\/\/dunkle-macht.myvnc.com\/index.php\/wp-json\/wp\/v2\/pages\/947\/revisions"}],"predecessor-version":[{"id":975,"href":"https:\/\/dunkle-macht.myvnc.com\/index.php\/wp-json\/wp\/v2\/pages\/947\/revisions\/975"}],"wp:attachment":[{"href":"https:\/\/dunkle-macht.myvnc.com\/index.php\/wp-json\/wp\/v2\/media?parent=947"}],"curies":[{"name":"wp","href":"https:\/\/api.w.org\/{rel}","templated":true}]}}