{"id":850,"date":"2025-11-23T17:45:32","date_gmt":"2025-11-23T16:45:32","guid":{"rendered":"https:\/\/dunkle-macht.myvnc.com\/?page_id=850"},"modified":"2026-03-21T09:37:20","modified_gmt":"2026-03-21T08:37:20","slug":"b167neu-reaktionen-auf-falsche-zeitungsinformationen","status":"publish","type":"page","link":"https:\/\/dunkle-macht.myvnc.com\/index.php\/b167neu-reaktionen-auf-falsche-zeitungsinformationen\/","title":{"rendered":"B167neu &#8211; Reaktionen auf falsche Zeitungsinformationen der MOZ"},"content":{"rendered":"\n<h2 class=\"wp-block-heading\">(M\u00e4rkische Oderzeitung vom 19.11.25 \/ Landkreis Barnim: Eberswalde\/Schorfheide)<\/h2>\n\n\n\n<h1 class=\"wp-block-heading\"><\/h1>\n\n\n\n<p>Anmerkungen zu \u201eWirtschaft pocht auf einen z\u00fcgigen Bau der Ortsumgehung\u201c<\/p>\n\n\n\n<p><strong>(MOZ vom 19.11.25)<\/strong><\/p>\n\n\n\n<p>Liebe Freunde und Nichtfreunde der B 167 neu.<\/p>\n\n\n\n<p>Unsere einzige Tageszeitung, die M\u00e4rkische Oderzeitung (MOZ), sah sich veranla\u00dft, wieder mal einen fast ganzseitigen Beitrag zum Thema B 167 neu zu drucken. Autor war wieder Herr Pifan, seines Zeichens Regionalleiter, d.h. der \u201eChef\u201c. Anla\u00df waren diesmal (wieder!) \u00c4u\u00dferungen von Vertretern der \u201eWirtschaft\u201c. Der Autor bezeichnet die MOZ als unabh\u00e4ngiges Nachrichtenportal, das daran Interesse hat (Zitat aus einem Schreiben an Gerd Markmann, vormals Redakteur der BBP) \u201egerade bei solch kontroversen Themen alle Seiten ausgiebig zu Wort kommen zu lassen\u201c (Zitat Ende). In diesem Sinne hat es Herr Pifan abgelehnt, den kritischen Leserbrief von Herrn Markmann abzudrucken. Daf\u00fcr (lieber?) l\u00e4\u00dft er jetzt die \u201eSeite Wirtschaft\u201causgiebig zu Wort kommen. Es bleibt offen, wer unter \u201eWirtschaft\u201c konkret zu verstehen ist.<\/p>\n\n\n\n<p>Der Beitrag beginnt mit der Wiederholung von Falschbehauptungen wie folgt (Zitat):<\/p>\n\n\n\n<p>\u201eDie Bundesstra\u00dfe 167n ist f\u00fcr die Wirtschaft und den Standort Eberswalde von gr\u00f6\u00dfter Bedeutung\u201c<\/p>\n\n\n\n<p>und weiter noch im ersten Absatz:<\/p>\n\n\n\n<p>&nbsp;\u201eEs gibt dar\u00fcber keinen Zweifel daran, da\u00df die geplante Ortsumgehung von Eberswalde f\u00fcr die Stadt und ihre Bewohner viele Vorteile bringen wird.\u201c (Zitat Ende)<\/p>\n\n\n\n<p>Wir wissen, wir haben es in hunderten von Stellungnahmen und Einwendungen nachgewiesen, da\u00df das nicht zutrifft. Doch damit nicht genug. MOZ h\u00e4lt es f\u00fcr erforderlich, einen Herrn J\u00f6rn Klitzing wie folgt zu zitieren:&nbsp;<\/p>\n\n\n\n<p>\u201eEs sind in den vergangenen 20 Jahren auch zahlreiche Alternativen f\u00fcr einen Trassenverlauf \u00fcberpr\u00fcft worden. Der aktuelle Streckenverlauf sei der geringste Eingriff in die Natur und insbesondere entlang des bisherigen Trassenverlaufs w\u00fcrden zahlreiche Anwohner vom L\u00e4rm entlastet.\u201c (Zitat Ende)<\/p>\n\n\n\n<p>Das alles trifft, wir wissen es besser, nicht zu!<\/p>\n\n\n\n<p>Wenn MOZ \u201ealle Seiten\u201c zu Wort kommen lie\u00dfe, dann h\u00e4tte Herr Pifan schreiben m\u00fcssen:<\/p>\n\n\n\n<p>Die neue Stra\u00dfe ist keine OU (Ortsumgehung), sie f\u00fchrt den gesamten Schwerlastverkehr, der ja angeblich herausgehalten werden soll, direkt zum Marktplatz, also ins Zentrum, kann also den inner\u00f6rtlichen Verkehr nicht entlasten. 90% des Gesamtverkehrs sind Quell- und Zielverkehr Eberswalder Innenstadt, der die neue Stra\u00dfe gar nicht nutzen kann, also nicht braucht. Der Bauherr (Bund) hat klar schreiben lassen: Finowfurt und Eberswalde sind f\u00fcr die Stra\u00dfe nur St\u00f6rfaktoren. Die L\u00f6sung der (dann gr\u00f6\u00dfer werdenden) inner\u00f6rtlichen Verkehrsprobleme sieht der Bund nicht als seine Aufgabe.<\/p>\n\n\n\n<p>Herr Pifan h\u00e4tte weiter schreiben m\u00fcssen:<\/p>\n\n\n\n<p>Die Stra\u00dfe bringt f\u00fcr die Bewohner und auch die \u00fcberw\u00e4ltigende Mehrheit der Unternehmen (die Wirtschaft!) keine Vorteile, im Gegenteil. Zu den Nachteilen geh\u00f6ren weite Umwege, um die Autobahn zu erreichen, zunehmender Querverkehr \u00fcber die B167 alt und erhebliche Kosten zur Ert\u00fcchtigung der Zufahrten zu den wenigen Anschlu\u00dfstellen (\u201eKnoten\u201c 4 und 5).<\/p>\n\n\n\n<p>Zum Trassenverlauf h\u00e4tte Herr Pifan Herrn Klitzing wie folgt korrigieren m\u00fcssen:<\/p>\n\n\n\n<p>Die (aktuelle!) Nordvariante stand von Anfang an (seit 1998) unverr\u00fcckbar fest. Alternativen wurden nie ernsthaft untersucht, das wurde immer nur behauptet. Die beste Alternative: S\u00fcdanbindung in Finowfurt an die BAB 11, Streckenverlauf entlang der alten Bahnstrecke n\u00f6rdlich Flugplatz bis Kopernikusring in Finow und Fortsetzung mit \u201eEberswalder Schwung\u201c stand gar auf dem \u201eIndex\u201c, durfte gar nicht erw\u00e4hnt werden und wird nach wie vor mit Flei\u00df totgeschwiegen. Die Realisierung des Eberswalder Schwungs, der war von der StVV sogar beschlossen, wurde von der Stadtverwaltung zielgerichtet unm\u00f6glich gemacht ( Wohngebiet Erna-B\u00fcrger-Weg, neuer Radweg Schellengrund, Durchfahrt unter der Bahnstrecke zugesch\u00fcttet)<\/p>\n\n\n\n<p>Zur L\u00e4rmbelastung h\u00e4tte Herr Pifan schreiben m\u00fcssen:<\/p>\n\n\n\n<p>Der bisherige L\u00e4rm entlang der alten Trasse bleibt, einfach weil 90% des Verkehrs auf der B 167 alt bleiben. Hinzu kommt dann noch Querverkehr mit L\u00e4rmbelastung der Anwohner an den Zufahrten zu den Knoten.<\/p>\n\n\n\n<p>Zu den Staus auf der B 167 alt h\u00e4tte Herr Pifan schreiben sollen:<\/p>\n\n\n\n<p>Diese Staus sind hausgemacht. Die Macher sind die Stadtverwaltung in Verbindung mit dem Landesbetrieb f\u00fcr Stra\u00dfenwesen. Beginnend mit dem R\u00fcckbau von Bustaschen in Finow bis zu aufgemalten Radwegen in Westend wurde die Bundesstra\u00dfe ganz bewu\u00dft \u00fcber weite Strecken auf eine Spur je Richtung eingeengt, ihre Durchla\u00dff\u00e4higkeit systematisch verringert, wohl auch in der Annahme\/Hoffnung, da\u00df die Staugesch\u00e4digten an eine Entlastung durch die neue Stra\u00dfe glauben und sie deshalb begr\u00fc\u00dfen sollen.<\/p>\n\n\n\n<p>Das alles, schlichte Tatsachen, die man nicht leugnen kann, hat Herr Pifan nicht geschrieben. Da\u00df er das nicht getan hat ist wohl seine Auffassung von Ausgewogenheit, Unabh\u00e4ngigkeit und \u2013 so sehe ich das \u2013 ein Ausdruck von \u201ePressefreiheit\u201c, die sich ja auch darin \u00e4u\u00dfert, da\u00df er Tatsachen und Informationen, die er u.a. auch aus Leserbriefen erf\u00e4hrt, einfach nicht druckt.<\/p>\n\n\n\n<p>Dazu geh\u00f6rt auch die Tatsache, da\u00df die B 167 neu, Nordvariante, genannt OU, zum Milit\u00e4rstra\u00dfennetz geh\u00f6ren wird und deshalb entsprechend ausgebaut werden soll. Es gibt Leute, die ausdr\u00fccklich nicht wollen, da\u00df dieser Aspekt erw\u00e4hnt wird. Die Forderung des Ministeriums f\u00fcr Verteidigung nach Ausbau in einer Belastungsklasse, die f\u00fcr den zivilen Verkehr nicht erforderlich ist und die Ausbaukosten nach oben treibt, wird \u2013 so mitgeteilt vom Vorhabentr\u00e4ger Landesbetrieb f\u00fcr Stra\u00dfenwesen \u2013 selbstverst\u00e4ndlich realisiert! Im Falle eines milit\u00e4rischen Konflikts (h\u00f6rt sich besser an als Krieg!) ist diese Stra\u00dfe dann Angriffsziel f\u00fcr Bomben, Raketen und Drohnen. Auch das sollten alle wissen, die immer noch daran glauben, da\u00df diese Stra\u00dfe \u201evon gro\u00dfer Bedeutung\u201c ist.<\/p>\n\n\n\n<div class=\"wp-block-comments\">\n<div class=\"wp-block-columns is-layout-flex wp-container-core-columns-is-layout-28f84493 wp-block-columns-is-layout-flex\">\n<div class=\"wp-block-column is-layout-flow wp-block-column-is-layout-flow\" style=\"flex-basis:100%\">\n<div class=\"wp-block-comments\">\n\n\n\n\n\n\t<div id=\"respond\" class=\"comment-respond has-link-color wp-elements-ee296361e867c53058123a27b7b3933b wp-block-post-comments-form has-text-color has-secondary-color\">\n\t\t<h3 id=\"reply-title\" class=\"comment-reply-title\">Schreibe einen Kommentar <small><a rel=\"nofollow\" id=\"cancel-comment-reply-link\" href=\"\/index.php\/wp-json\/wp\/v2\/pages\/850#respond\" style=\"display:none;\">Antwort abbrechen<\/a><\/small><\/h3><p class=\"must-log-in\">Du musst <a href=\"https:\/\/dunkle-macht.myvnc.com\/wp-login.php?redirect_to=https%3A%2F%2Fdunkle-macht.myvnc.com%2Findex.php%2Fb167neu-reaktionen-auf-falsche-zeitungsinformationen%2F\">angemeldet<\/a> sein, um einen Kommentar abzugeben.<\/p>\t<\/div><!-- #respond -->\n\t<\/div>\n<\/div>\n<\/div>\n\n\n\n\n\n\n<\/div>\n\n\n\n<p><\/p>\n\n\n\n<p><\/p>\n","protected":false},"excerpt":{"rendered":"<p>(M\u00e4rkische Oderzeitung vom 19.11.25 \/ Landkreis Barnim: Eberswalde\/Schorfheide) Anmerkungen zu \u201eWirtschaft pocht auf einen z\u00fcgigen Bau der Ortsumgehung\u201c (MOZ vom 19.11.25) Liebe Freunde und Nichtfreunde der B 167 neu. Unsere einzige Tageszeitung, die M\u00e4rkische Oderzeitung (MOZ), sah sich veranla\u00dft, wieder mal einen fast ganzseitigen Beitrag zum Thema B 167 neu zu drucken. Autor war wieder &hellip; <\/p>\n<p class=\"link-more\"><a href=\"https:\/\/dunkle-macht.myvnc.com\/index.php\/b167neu-reaktionen-auf-falsche-zeitungsinformationen\/\" class=\"more-link\">Mehr <span class=\"screen-reader-text\">\u00fcber &#8222;B167neu &#8211; Reaktionen auf falsche Zeitungsinformationen der MOZ&#8220; <\/span>Lesen<\/a><\/p>\n","protected":false},"author":1,"featured_media":0,"parent":0,"menu_order":0,"comment_status":"open","ping_status":"closed","template":"","meta":{"inspiro_hide_title":false,"footnotes":""},"class_list":["post-850","page","type-page","status-publish","hentry"],"yoast_head":"<!-- This site is optimized with the Yoast SEO plugin v27.4 - https:\/\/yoast.com\/product\/yoast-seo-wordpress\/ -->\n<title>unseri\u00f6se Gutachter; PaysafeCards; dunkle-macht.myvnc.com, B167neu, Eberswalde<\/title>\n<meta name=\"description\" content=\"unseri\u00f6se Gutachter;PaysafeCards;dunkle-macht.myvnc.com\" \/>\n<meta name=\"robots\" content=\"index, follow, max-snippet:-1, max-image-preview:large, max-video-preview:-1\" \/>\n<link rel=\"canonical\" href=\"https:\/\/dunkle-macht.myvnc.com\/index.php\/b167neu-reaktionen-auf-falsche-zeitungsinformationen\/\" \/>\n<script type=\"application\/ld+json\" class=\"yoast-schema-graph\">{\"@context\":\"https:\\\/\\\/schema.org\",\"@graph\":[{\"@type\":\"BreadcrumbList\",\"@id\":\"https:\\\/\\\/dunkle-macht.myvnc.com\\\/index.php\\\/b167neu-reaktionen-auf-falsche-zeitungsinformationen\\\/#breadcrumb\",\"itemListElement\":[{\"@type\":\"ListItem\",\"position\":1,\"name\":\"Startseite\",\"item\":\"https:\\\/\\\/dunkle-macht.myvnc.com\\\/\"},{\"@type\":\"ListItem\",\"position\":2,\"name\":\"B167neu &#8211; Reaktionen auf falsche Zeitungsinformationen der MOZ\"}]}]}<\/script>\n<!-- \/ Yoast SEO plugin. -->","yoast_head_json":{"title":"unseri\u00f6se Gutachter; PaysafeCards; dunkle-macht.myvnc.com, B167neu, Eberswalde","description":"unseri\u00f6se Gutachter;PaysafeCards;dunkle-macht.myvnc.com","robots":{"index":"index","follow":"follow","max-snippet":"max-snippet:-1","max-image-preview":"max-image-preview:large","max-video-preview":"max-video-preview:-1"},"canonical":"https:\/\/dunkle-macht.myvnc.com\/index.php\/b167neu-reaktionen-auf-falsche-zeitungsinformationen\/","schema":{"@context":"https:\/\/schema.org","@graph":[{"@type":"BreadcrumbList","@id":"https:\/\/dunkle-macht.myvnc.com\/index.php\/b167neu-reaktionen-auf-falsche-zeitungsinformationen\/#breadcrumb","itemListElement":[{"@type":"ListItem","position":1,"name":"Startseite","item":"https:\/\/dunkle-macht.myvnc.com\/"},{"@type":"ListItem","position":2,"name":"B167neu &#8211; Reaktionen auf falsche Zeitungsinformationen der MOZ"}]}]}},"featured_media_urls":[],"_links":{"self":[{"href":"https:\/\/dunkle-macht.myvnc.com\/index.php\/wp-json\/wp\/v2\/pages\/850","targetHints":{"allow":["GET"]}}],"collection":[{"href":"https:\/\/dunkle-macht.myvnc.com\/index.php\/wp-json\/wp\/v2\/pages"}],"about":[{"href":"https:\/\/dunkle-macht.myvnc.com\/index.php\/wp-json\/wp\/v2\/types\/page"}],"author":[{"embeddable":true,"href":"https:\/\/dunkle-macht.myvnc.com\/index.php\/wp-json\/wp\/v2\/users\/1"}],"replies":[{"embeddable":true,"href":"https:\/\/dunkle-macht.myvnc.com\/index.php\/wp-json\/wp\/v2\/comments?post=850"}],"version-history":[{"count":5,"href":"https:\/\/dunkle-macht.myvnc.com\/index.php\/wp-json\/wp\/v2\/pages\/850\/revisions"}],"predecessor-version":[{"id":912,"href":"https:\/\/dunkle-macht.myvnc.com\/index.php\/wp-json\/wp\/v2\/pages\/850\/revisions\/912"}],"wp:attachment":[{"href":"https:\/\/dunkle-macht.myvnc.com\/index.php\/wp-json\/wp\/v2\/media?parent=850"}],"curies":[{"name":"wp","href":"https:\/\/api.w.org\/{rel}","templated":true}]}}