{"id":182,"date":"2025-10-04T12:50:50","date_gmt":"2025-10-04T10:50:50","guid":{"rendered":"http:\/\/dunkle-macht.myvnc.com:81\/?page_id=182"},"modified":"2026-03-21T09:45:43","modified_gmt":"2026-03-21T08:45:43","slug":"vorsicht-vor-unserioesen-gutachtern","status":"publish","type":"page","link":"https:\/\/dunkle-macht.myvnc.com\/index.php\/vorsicht-vor-unserioesen-gutachtern\/","title":{"rendered":"Vorsicht vor unseri\u00f6sen Gutachtern"},"content":{"rendered":"\n<p><strong><mark style=\"background-color:rgba(0, 0, 0, 0);color:#592929eb\" class=\"has-inline-color\">In Deutschland gibt es eine Vielzahl von unseri\u00f6sen Gutachtern! Jeder der versucht gegen nachgewiesene falsche Gutachten vorzugehen, wird ersteinmal von einen Anwalt des unseri\u00f6sen Gutachters bedroht!<\/mark><\/strong><\/p>\n\n\n\n<p><strong>Die oft mangelhafte Qualit\u00e4t der Gutachten h\u00e4ngt mit einem weiteren Problem zusammen: <\/strong><\/p>\n\n\n\n<p><\/p>\n\n\n\n<p><strong>Zum Sachverst\u00e4ndigen vor Familiengerichten kann theoretisch jeder Mensch mit jedem Beruf ernannt werden, nicht nur Psychologen oder P\u00e4dagogen.<br>Auch m\u00fcssen Gutachter keine Berufserfahrung nachweisen. Schon Uni-Absolventen ohne Lebens- oder Berufserfahrung k\u00f6nnen ein Urteil \u00fcber die Zukunft ganzer Familien abgeben. Fortbildung ist f\u00fcr Gutachter nicht &#8211; wie f\u00fcr alle anderen Heilberufe &#8211; vorgeschrieben. Und eine Kammer, die ihr korrektes Arbeiten \u00fcberwachen k\u00f6nnte, fehlt.<br>Das Problem ist l\u00e4ngst auch an den Gerichten bekannt &#8211; und wird seit Jahren hingenommen! (Artikel von Christoph Berndt)<br>Gutachter die auf ihre nachgewiesenen Fehler angesprochen werden, reagieren daher mit Drohungen, wie das Ver\u00f6ffentlichen von Falschgutachten und versuchen Menschen unter Druck zu setzen.<br>Aber genau diese kriminellen schlampigen Gutachter m\u00fcssen \u00f6ffentlich benannt werden! Achtet unbedingt auf die folgenden Punkte:<br>Sollte der Gutachter euch keinen Vertrag geben, in dem die einzelnen Leistungen und die veranschlagten Preise stehen, dann unbedingt die H\u00e4nde weg!Gebt &#8222;nie&#8220; Originale Unterlagen heraus! Lasst am besten unbemerkt eine Videokamera laufen! Achtet auf die Angaben welche das Gutachten enth\u00e4lt! Vor allem achtet darauf, das der gew\u00e4hlte Gutachter dem<\/strong> <strong><a href=\"https:\/\/www.dgusv.de\/\">DguSV-Sachverst\u00e4ndigenverband<\/a>&#8220; angeh\u00f6rt!<\/strong><\/p>\n\n\n\n<p><strong>Achtet unbedingt auf die folgenen Punkte:<\/strong><\/p>\n\n\n\n<p><\/p>\n\n\n\n<ol class=\"wp-block-list\">\n<li><strong>Solte der Gutachter euch keinen Vertrag geben, in dem die einzelnen Leistungen und die veranschlagten Preise stehen, dann unbeding die H\u00e4nde weg!<\/strong><\/li>\n\n\n\n<li><strong>Gebt &#8222;nie&#8220; Originale Unterlagen heraus!<\/strong><\/li>\n\n\n\n<li><strong>Lasst am besten unbemerkt eine Videokamera laufen!<\/strong><\/li>\n\n\n\n<li><strong>Achtet auf die Angaben welche das Gutachten enth\u00e4lt!<\/strong><\/li>\n\n\n\n<li><strong>Vor allem achtet darauf, das der gew\u00e4hlte Gutachter im <a href=\"https:\/\/www.dgusv.de\/\">Sachverst\u00e4ndigenverband <\/a>angeh\u00f6rt!<\/strong><\/li>\n<\/ol>\n\n\n\n<p class=\"has-text-align-center\"><strong><mark style=\"background-color:rgba(0, 0, 0, 0);color:#2c32b8\" class=\"has-inline-color\">Wichtiger Hinweis: F\u00fcr fehlerhafte Gutachten, hat man eine Widerspruchszeit von 3 Jahren!<\/mark><\/strong><\/p>\n\n\n\n<p><\/p>\n","protected":false},"excerpt":{"rendered":"<p>In Deutschland gibt es eine Vielzahl von unseri\u00f6sen Gutachtern! Jeder der versucht gegen nachgewiesene falsche Gutachten vorzugehen, wird ersteinmal von einen Anwalt des unseri\u00f6sen Gutachters bedroht! Die oft mangelhafte Qualit\u00e4t der Gutachten h\u00e4ngt mit einem weiteren Problem zusammen: Zum Sachverst\u00e4ndigen vor Familiengerichten kann theoretisch jeder Mensch mit jedem Beruf ernannt werden, nicht nur Psychologen oder &hellip; <\/p>\n<p class=\"link-more\"><a href=\"https:\/\/dunkle-macht.myvnc.com\/index.php\/vorsicht-vor-unserioesen-gutachtern\/\" class=\"more-link\">Mehr <span class=\"screen-reader-text\">\u00fcber &#8222;Vorsicht vor unseri\u00f6sen Gutachtern&#8220; <\/span>Lesen<\/a><\/p>\n","protected":false},"author":1,"featured_media":0,"parent":0,"menu_order":0,"comment_status":"closed","ping_status":"closed","template":"","meta":{"inspiro_hide_title":false,"footnotes":""},"class_list":["post-182","page","type-page","status-publish","hentry"],"yoast_head":"<!-- This site is optimized with the Yoast SEO plugin v27.4 - https:\/\/yoast.com\/product\/yoast-seo-wordpress\/ -->\n<title>unseri\u00f6se Gutachter;PaysafeCards;dunkle-macht.myvnc.com<\/title>\n<meta name=\"description\" content=\"unseri\u00f6se Gutachter;PaysafeCards;dunkle-macht.myvnc.com\" \/>\n<meta name=\"robots\" content=\"index, follow, max-snippet:-1, max-image-preview:large, max-video-preview:-1\" \/>\n<link rel=\"canonical\" href=\"https:\/\/dunkle-macht.myvnc.com\/index.php\/vorsicht-vor-unserioesen-gutachtern\/\" \/>\n<script type=\"application\/ld+json\" class=\"yoast-schema-graph\">{\"@context\":\"https:\\\/\\\/schema.org\",\"@graph\":[{\"@type\":\"BreadcrumbList\",\"@id\":\"https:\\\/\\\/dunkle-macht.myvnc.com\\\/index.php\\\/vorsicht-vor-unserioesen-gutachtern\\\/#breadcrumb\",\"itemListElement\":[{\"@type\":\"ListItem\",\"position\":1,\"name\":\"Startseite\",\"item\":\"https:\\\/\\\/dunkle-macht.myvnc.com\\\/\"},{\"@type\":\"ListItem\",\"position\":2,\"name\":\"Vorsicht vor unseri\u00f6sen Gutachtern\"}]}]}<\/script>\n<!-- \/ Yoast SEO plugin. -->","yoast_head_json":{"title":"unseri\u00f6se Gutachter;PaysafeCards;dunkle-macht.myvnc.com","description":"unseri\u00f6se Gutachter;PaysafeCards;dunkle-macht.myvnc.com","robots":{"index":"index","follow":"follow","max-snippet":"max-snippet:-1","max-image-preview":"max-image-preview:large","max-video-preview":"max-video-preview:-1"},"canonical":"https:\/\/dunkle-macht.myvnc.com\/index.php\/vorsicht-vor-unserioesen-gutachtern\/","schema":{"@context":"https:\/\/schema.org","@graph":[{"@type":"BreadcrumbList","@id":"https:\/\/dunkle-macht.myvnc.com\/index.php\/vorsicht-vor-unserioesen-gutachtern\/#breadcrumb","itemListElement":[{"@type":"ListItem","position":1,"name":"Startseite","item":"https:\/\/dunkle-macht.myvnc.com\/"},{"@type":"ListItem","position":2,"name":"Vorsicht vor unseri\u00f6sen Gutachtern"}]}]}},"featured_media_urls":[],"_links":{"self":[{"href":"https:\/\/dunkle-macht.myvnc.com\/index.php\/wp-json\/wp\/v2\/pages\/182","targetHints":{"allow":["GET"]}}],"collection":[{"href":"https:\/\/dunkle-macht.myvnc.com\/index.php\/wp-json\/wp\/v2\/pages"}],"about":[{"href":"https:\/\/dunkle-macht.myvnc.com\/index.php\/wp-json\/wp\/v2\/types\/page"}],"author":[{"embeddable":true,"href":"https:\/\/dunkle-macht.myvnc.com\/index.php\/wp-json\/wp\/v2\/users\/1"}],"replies":[{"embeddable":true,"href":"https:\/\/dunkle-macht.myvnc.com\/index.php\/wp-json\/wp\/v2\/comments?post=182"}],"version-history":[{"count":4,"href":"https:\/\/dunkle-macht.myvnc.com\/index.php\/wp-json\/wp\/v2\/pages\/182\/revisions"}],"predecessor-version":[{"id":918,"href":"https:\/\/dunkle-macht.myvnc.com\/index.php\/wp-json\/wp\/v2\/pages\/182\/revisions\/918"}],"wp:attachment":[{"href":"https:\/\/dunkle-macht.myvnc.com\/index.php\/wp-json\/wp\/v2\/media?parent=182"}],"curies":[{"name":"wp","href":"https:\/\/api.w.org\/{rel}","templated":true}]}}